{"id":500,"date":"2023-09-13T16:06:10","date_gmt":"2023-09-13T14:06:10","guid":{"rendered":"https:\/\/www.sgtraductions-services.fr\/www\/?page_id=500"},"modified":"2023-09-20T16:43:08","modified_gmt":"2023-09-20T14:43:08","slug":"formulaire-de-contact","status":"publish","type":"page","link":"https:\/\/www.sgtraductions-services.fr\/en\/formulaire-de-contact\/","title":{"rendered":"Contact form"},"content":{"rendered":"<div data-elementor-type=\"wp-page\" data-elementor-id=\"500\" class=\"elementor elementor-500\">\n\t\t\t\t\t\t\t\t\t<section class=\"elementor-section elementor-top-section elementor-element elementor-element-f8542e7 elementor-section-boxed elementor-section-height-default elementor-section-height-default\" data-id=\"f8542e7\" data-element_type=\"section\">\n\t\t\t\t\t\t<div class=\"elementor-container elementor-column-gap-default\">\n\t\t\t\t\t<div class=\"elementor-column elementor-col-100 elementor-top-column elementor-element elementor-element-9cdf0d5\" data-id=\"9cdf0d5\" data-element_type=\"column\">\n\t\t\t<div class=\"elementor-widget-wrap elementor-element-populated\">\n\t\t\t\t\t\t\t\t<div class=\"elementor-element elementor-element-9894def elementor-widget-divider--view-line elementor-widget elementor-widget-divider\" data-id=\"9894def\" data-element_type=\"widget\" data-widget_type=\"divider.default\">\n\t\t\t\t<div class=\"elementor-widget-container\">\n\t\t\t<style>\/*! elementor - v3.15.0 - 20-08-2023 *\/\n.elementor-widget-divider{--divider-border-style:none;--divider-border-width:1px;--divider-color:#0c0d0e;--divider-icon-size:20px;--divider-element-spacing:10px;--divider-pattern-height:24px;--divider-pattern-size:20px;--divider-pattern-url:none;--divider-pattern-repeat:repeat-x}.elementor-widget-divider .elementor-divider{display:flex}.elementor-widget-divider .elementor-divider__text{font-size:15px;line-height:1;max-width:95%}.elementor-widget-divider .elementor-divider__element{margin:0 var(--divider-element-spacing);flex-shrink:0}.elementor-widget-divider .elementor-icon{font-size:var(--divider-icon-size)}.elementor-widget-divider .elementor-divider-separator{display:flex;margin:0;direction:ltr}.elementor-widget-divider--view-line_icon .elementor-divider-separator,.elementor-widget-divider--view-line_text .elementor-divider-separator{align-items:center}.elementor-widget-divider--view-line_icon .elementor-divider-separator:after,.elementor-widget-divider--view-line_icon .elementor-divider-separator:before,.elementor-widget-divider--view-line_text .elementor-divider-separator:after,.elementor-widget-divider--view-line_text .elementor-divider-separator:before{display:block;content:\"\";border-bottom:0;flex-grow:1;border-top:var(--divider-border-width) var(--divider-border-style) var(--divider-color)}.elementor-widget-divider--element-align-left .elementor-divider .elementor-divider-separator>.elementor-divider__svg:first-of-type{flex-grow:0;flex-shrink:100}.elementor-widget-divider--element-align-left .elementor-divider-separator:before{content:none}.elementor-widget-divider--element-align-left .elementor-divider__element{margin-left:0}.elementor-widget-divider--element-align-right .elementor-divider .elementor-divider-separator>.elementor-divider__svg:last-of-type{flex-grow:0;flex-shrink:100}.elementor-widget-divider--element-align-right .elementor-divider-separator:after{content:none}.elementor-widget-divider--element-align-right .elementor-divider__element{margin-right:0}.elementor-widget-divider:not(.elementor-widget-divider--view-line_text):not(.elementor-widget-divider--view-line_icon) .elementor-divider-separator{border-top:var(--divider-border-width) var(--divider-border-style) var(--divider-color)}.elementor-widget-divider--separator-type-pattern{--divider-border-style:none}.elementor-widget-divider--separator-type-pattern.elementor-widget-divider--view-line .elementor-divider-separator,.elementor-widget-divider--separator-type-pattern:not(.elementor-widget-divider--view-line) .elementor-divider-separator:after,.elementor-widget-divider--separator-type-pattern:not(.elementor-widget-divider--view-line) .elementor-divider-separator:before,.elementor-widget-divider--separator-type-pattern:not([class*=elementor-widget-divider--view]) .elementor-divider-separator{width:100%;min-height:var(--divider-pattern-height);-webkit-mask-size:var(--divider-pattern-size) 100%;mask-size:var(--divider-pattern-size) 100%;-webkit-mask-repeat:var(--divider-pattern-repeat);mask-repeat:var(--divider-pattern-repeat);background-color:var(--divider-color);-webkit-mask-image:var(--divider-pattern-url);mask-image:var(--divider-pattern-url)}.elementor-widget-divider--no-spacing{--divider-pattern-size:auto}.elementor-widget-divider--bg-round{--divider-pattern-repeat:round}.rtl .elementor-widget-divider .elementor-divider__text{direction:rtl}.e-con-inner>.elementor-widget-divider,.e-con>.elementor-widget-divider{width:var(--container-widget-width,100%);--flex-grow:var(--container-widget-flex-grow)}<\/style>\t\t<div class=\"elementor-divider\">\n\t\t\t<span class=\"elementor-divider-separator\">\n\t\t\t\t\t\t<\/span>\n\t\t<\/div>\n\t\t\t\t<\/div>\n\t\t\t\t<\/div>\n\t\t\t\t\t<\/div>\n\t\t<\/div>\n\t\t\t\t\t\t\t<\/div>\n\t\t<\/section>\n\t\t\t\t<section class=\"elementor-section elementor-top-section elementor-element elementor-element-a17c0db elementor-section-boxed elementor-section-height-default elementor-section-height-default\" data-id=\"a17c0db\" data-element_type=\"section\">\n\t\t\t\t\t\t<div class=\"elementor-container elementor-column-gap-default\">\n\t\t\t\t\t<div class=\"elementor-column elementor-col-33 elementor-top-column elementor-element elementor-element-8848cc1\" data-id=\"8848cc1\" data-element_type=\"column\">\n\t\t\t<div class=\"elementor-widget-wrap elementor-element-populated\">\n\t\t\t\t\t\t\t\t<div class=\"elementor-element elementor-element-f3d9b86 elementor-widget elementor-widget-image\" data-id=\"f3d9b86\" data-element_type=\"widget\" data-widget_type=\"image.default\">\n\t\t\t\t<div class=\"elementor-widget-container\">\n\t\t\t<style>\/*! elementor - v3.15.0 - 20-08-2023 *\/\n.elementor-widget-image{text-align:center}.elementor-widget-image a{display:inline-block}.elementor-widget-image a img[src$=\".svg\"]{width:48px}.elementor-widget-image img{vertical-align:middle;display:inline-block}<\/style>\t\t\t\t\t\t\t\t\t\t\t\t<img loading=\"lazy\" decoding=\"async\" width=\"800\" height=\"603\" src=\"https:\/\/www.sgtraductions-services.fr\/wp-content\/uploads\/2023\/09\/Front-page-basis.jpg\" class=\"attachment-large size-large wp-image-305\" alt=\"\" srcset=\"https:\/\/www.sgtraductions-services.fr\/wp-content\/uploads\/2023\/09\/Front-page-basis.jpg 812w, https:\/\/www.sgtraductions-services.fr\/wp-content\/uploads\/2023\/09\/Front-page-basis-300x226.jpg 300w, https:\/\/www.sgtraductions-services.fr\/wp-content\/uploads\/2023\/09\/Front-page-basis-768x579.jpg 768w, https:\/\/www.sgtraductions-services.fr\/wp-content\/uploads\/2023\/09\/Front-page-basis-16x12.jpg 16w\" sizes=\"auto, (max-width: 800px) 100vw, 800px\" \/>\t\t\t\t\t\t\t\t\t\t\t\t\t\t\t<\/div>\n\t\t\t\t<\/div>\n\t\t\t\t\t<\/div>\n\t\t<\/div>\n\t\t\t\t<div class=\"elementor-column elementor-col-66 elementor-top-column elementor-element elementor-element-6c6f899\" data-id=\"6c6f899\" data-element_type=\"column\">\n\t\t\t<div class=\"elementor-widget-wrap elementor-element-populated\">\n\t\t\t\t\t\t\t\t<div class=\"elementor-element elementor-element-96e1ce8 elementor-widget elementor-widget-text-editor\" data-id=\"96e1ce8\" data-element_type=\"widget\" data-widget_type=\"text-editor.default\">\n\t\t\t\t<div class=\"elementor-widget-container\">\n\t\t\t<style>\/*! elementor - v3.15.0 - 20-08-2023 *\/\n.elementor-widget-text-editor.elementor-drop-cap-view-stacked .elementor-drop-cap{background-color:#69727d;color:#fff}.elementor-widget-text-editor.elementor-drop-cap-view-framed .elementor-drop-cap{color:#69727d;border:3px solid;background-color:transparent}.elementor-widget-text-editor:not(.elementor-drop-cap-view-default) .elementor-drop-cap{margin-top:8px}.elementor-widget-text-editor:not(.elementor-drop-cap-view-default) .elementor-drop-cap-letter{width:1em;height:1em}.elementor-widget-text-editor .elementor-drop-cap{float:left;text-align:center;line-height:1;font-size:50px}.elementor-widget-text-editor .elementor-drop-cap-letter{display:inline-block}<\/style>\t\t\t\t<h5>Hello ! Please send your request with a sample to :<\/h5><h5><a href=\"mailto:contact@sgtraductions-services.fr\">contact@sgtraductions-services.fr<\/a><\/h5><p><strong>Please specify in your message :<\/strong><\/p><p>TRANSLATION &amp; TRANSCRIPTION\u00a0\u00a0\u00a0\u00a0\u00a0\u00a0\u00a0\u00a0\u00a0\u00a0\u00a0\u00a0\u00a0\u00a0\u00a0\u00a0\u00a0\u00a0\u00a0\u00a0\u00a0\u00a0\u00a0\u00a0\u00a0\u00a0\u00a0\u00a0\u00a0\u00a0\u00a0\u00a0\u00a0\u00a0\u00a0\u00a0\u00a0\u00a0\u00a0\u00a0\u00a0\u00a0\u00a0\u00a0\u00a0\u00a0\u00a0\u00a0\u00a0\u00a0\u00a0\u00a0\u00a0\u00a0\u00a0\u00a0\u00a0\u00a0\u00a0\u00a0\u00a0\u00a0\u00a0\u00a0\u00a0\u00a0\u00a0\u00a0\u00a0\u00a0\u00a0\u00a0\u00a0\u00a0\u00a0\u00a0\u00a0\u00a0<\/p><ul><li>Your identity (company or private individual)\u00a0\u00a0\u00a0\u00a0\u00a0\u00a0\u00a0\u00a0\u00a0\u00a0\u00a0\u00a0\u00a0\u00a0\u00a0\u00a0\u00a0\u00a0\u00a0\u00a0\u00a0\u00a0\u00a0\u00a0\u00a0<\/li><li>type of text or audio<\/li><li>support format\u00a0\u00a0\u00a0\u00a0\u00a0\u00a0\u00a0\u00a0\u00a0\u00a0\u00a0\u00a0\u00a0\u00a0\u00a0\u00a0\u00a0\u00a0\u00a0\u00a0\u00a0\u00a0\u00a0\u00a0\u00a0\u00a0\u00a0\u00a0\u00a0\u00a0\u00a0<\/li><li>total length of text or audio<\/li><li>goal and destination<\/li><li>deadline<\/li><\/ul><p>EDITORIAL<\/p><ul><li>type (article, blog, advertisement, etc.)<\/li><li>expected length<\/li><li>register and style<\/li><li>goal and destination<\/li><\/ul>\t\t\t\t\t\t<\/div>\n\t\t\t\t<\/div>\n\t\t\t\t\t<\/div>\n\t\t<\/div>\n\t\t\t\t\t\t\t<\/div>\n\t\t<\/section>\n\t\t\t\t\t\t\t<\/div>","protected":false},"excerpt":{"rendered":"<p>Bonjour ! Merci d&rsquo;envoyer votre demande accompagn\u00e9e d&rsquo;un \u00e9chantillon \u00e0 : contact@sgtraductions-services.fr \u00c9l\u00e9ments \u00e0 pr\u00e9ciser dans votre message : TRADUCTION &amp; TRANSCRIPTION\u00a0\u00a0\u00a0\u00a0\u00a0\u00a0\u00a0\u00a0\u00a0\u00a0\u00a0\u00a0\u00a0\u00a0\u00a0\u00a0\u00a0\u00a0\u00a0\u00a0\u00a0\u00a0\u00a0\u00a0\u00a0\u00a0\u00a0\u00a0\u00a0\u00a0\u00a0\u00a0\u00a0\u00a0\u00a0\u00a0\u00a0\u00a0\u00a0\u00a0\u00a0\u00a0\u00a0\u00a0\u00a0\u00a0\u00a0\u00a0\u00a0\u00a0\u00a0\u00a0\u00a0\u00a0\u00a0\u00a0\u00a0\u00a0\u00a0\u00a0\u00a0\u00a0\u00a0\u00a0\u00a0\u00a0\u00a0\u00a0\u00a0\u00a0\u00a0\u00a0\u00a0\u00a0\u00a0\u00a0\u00a0\u00a0 Votre identit\u00e9 (soci\u00e9t\u00e9 ou particulier)\u00a0\u00a0\u00a0\u00a0\u00a0\u00a0\u00a0\u00a0\u00a0\u00a0\u00a0\u00a0\u00a0\u00a0\u00a0\u00a0\u00a0\u00a0\u00a0\u00a0\u00a0\u00a0\u00a0\u00a0\u00a0 type de texte ou d&rsquo;audio format de support\u00a0\u00a0\u00a0\u00a0\u00a0\u00a0\u00a0\u00a0\u00a0\u00a0\u00a0\u00a0\u00a0\u00a0\u00a0\u00a0\u00a0\u00a0\u00a0\u00a0\u00a0\u00a0\u00a0\u00a0\u00a0\u00a0\u00a0\u00a0\u00a0\u00a0\u00a0 longueur totale du texte ou de l&rsquo;audio objectif et destination d\u00e9lai R\u00c9DACTION type (article, blog, publicit\u00e9, etc.) longueur attendue registre [&hellip;]<\/p>","protected":false},"author":1,"featured_media":0,"parent":0,"menu_order":0,"comment_status":"closed","ping_status":"closed","template":"","meta":{"footnotes":""},"class_list":["post-500","page","type-page","status-publish","hentry"],"yoast_head":"<!-- This site is optimized with the Yoast SEO plugin v21.1 - https:\/\/yoast.com\/wordpress\/plugins\/seo\/ -->\n<title>Formulaire de contact - SG TRADUCTIONS<\/title>\n<meta name=\"robots\" content=\"index, follow, max-snippet:-1, max-image-preview:large, max-video-preview:-1\" \/>\n<link rel=\"canonical\" href=\"https:\/\/www.sgtraductions-services.fr\/en\/formulaire-de-contact\/\" \/>\n<meta property=\"og:locale\" content=\"en_US\" \/>\n<meta property=\"og:type\" content=\"article\" \/>\n<meta property=\"og:title\" content=\"Formulaire de contact - SG TRADUCTIONS\" \/>\n<meta property=\"og:description\" content=\"Bonjour ! Merci d&rsquo;envoyer votre demande accompagn\u00e9e d&rsquo;un \u00e9chantillon \u00e0 : contact@sgtraductions-services.fr \u00c9l\u00e9ments \u00e0 pr\u00e9ciser dans votre message : TRADUCTION &amp; TRANSCRIPTION\u00a0\u00a0\u00a0\u00a0\u00a0\u00a0\u00a0\u00a0\u00a0\u00a0\u00a0\u00a0\u00a0\u00a0\u00a0\u00a0\u00a0\u00a0\u00a0\u00a0\u00a0\u00a0\u00a0\u00a0\u00a0\u00a0\u00a0\u00a0\u00a0\u00a0\u00a0\u00a0\u00a0\u00a0\u00a0\u00a0\u00a0\u00a0\u00a0\u00a0\u00a0\u00a0\u00a0\u00a0\u00a0\u00a0\u00a0\u00a0\u00a0\u00a0\u00a0\u00a0\u00a0\u00a0\u00a0\u00a0\u00a0\u00a0\u00a0\u00a0\u00a0\u00a0\u00a0\u00a0\u00a0\u00a0\u00a0\u00a0\u00a0\u00a0\u00a0\u00a0\u00a0\u00a0\u00a0\u00a0\u00a0\u00a0 Votre identit\u00e9 (soci\u00e9t\u00e9 ou particulier)\u00a0\u00a0\u00a0\u00a0\u00a0\u00a0\u00a0\u00a0\u00a0\u00a0\u00a0\u00a0\u00a0\u00a0\u00a0\u00a0\u00a0\u00a0\u00a0\u00a0\u00a0\u00a0\u00a0\u00a0\u00a0 type de texte ou d&rsquo;audio format de support\u00a0\u00a0\u00a0\u00a0\u00a0\u00a0\u00a0\u00a0\u00a0\u00a0\u00a0\u00a0\u00a0\u00a0\u00a0\u00a0\u00a0\u00a0\u00a0\u00a0\u00a0\u00a0\u00a0\u00a0\u00a0\u00a0\u00a0\u00a0\u00a0\u00a0\u00a0 longueur totale du texte ou de l&rsquo;audio objectif et destination d\u00e9lai R\u00c9DACTION type (article, blog, publicit\u00e9, etc.) longueur attendue registre [&hellip;]\" \/>\n<meta property=\"og:url\" content=\"https:\/\/www.sgtraductions-services.fr\/en\/formulaire-de-contact\/\" \/>\n<meta property=\"og:site_name\" content=\"SG TRADUCTIONS\" \/>\n<meta property=\"article:modified_time\" content=\"2023-09-20T14:43:08+00:00\" \/>\n<meta property=\"og:image\" content=\"https:\/\/www.sgtraductions-services.fr\/www\/wp-content\/uploads\/2023\/09\/Front-page-basis.jpg\" \/>\n<meta name=\"twitter:card\" content=\"summary_large_image\" \/>\n<meta name=\"twitter:label1\" content=\"Est. reading time\" \/>\n\t<meta name=\"twitter:data1\" content=\"1 minute\" \/>\n<script type=\"application\/ld+json\" class=\"yoast-schema-graph\">{\"@context\":\"https:\/\/schema.org\",\"@graph\":[{\"@type\":\"WebPage\",\"@id\":\"https:\/\/www.sgtraductions-services.fr\/formulaire-de-contact\/\",\"url\":\"https:\/\/www.sgtraductions-services.fr\/formulaire-de-contact\/\",\"name\":\"Formulaire de contact - SG TRADUCTIONS\",\"isPartOf\":{\"@id\":\"https:\/\/www.sgtraductions-services.fr\/#website\"},\"datePublished\":\"2023-09-13T14:06:10+00:00\",\"dateModified\":\"2023-09-20T14:43:08+00:00\",\"breadcrumb\":{\"@id\":\"https:\/\/www.sgtraductions-services.fr\/formulaire-de-contact\/#breadcrumb\"},\"inLanguage\":\"en-US\",\"potentialAction\":[{\"@type\":\"ReadAction\",\"target\":[\"https:\/\/www.sgtraductions-services.fr\/formulaire-de-contact\/\"]}]},{\"@type\":\"BreadcrumbList\",\"@id\":\"https:\/\/www.sgtraductions-services.fr\/formulaire-de-contact\/#breadcrumb\",\"itemListElement\":[{\"@type\":\"ListItem\",\"position\":1,\"name\":\"Accueil\",\"item\":\"https:\/\/www.sgtraductions-services.fr\/\"},{\"@type\":\"ListItem\",\"position\":2,\"name\":\"Formulaire de contact\"}]},{\"@type\":\"WebSite\",\"@id\":\"https:\/\/www.sgtraductions-services.fr\/#website\",\"url\":\"https:\/\/www.sgtraductions-services.fr\/\",\"name\":\"SG TRADUCTIONS\",\"description\":\"\",\"publisher\":{\"@id\":\"https:\/\/www.sgtraductions-services.fr\/#organization\"},\"potentialAction\":[{\"@type\":\"SearchAction\",\"target\":{\"@type\":\"EntryPoint\",\"urlTemplate\":\"https:\/\/www.sgtraductions-services.fr\/?s={search_term_string}\"},\"query-input\":\"required name=search_term_string\"}],\"inLanguage\":\"en-US\"},{\"@type\":\"Organization\",\"@id\":\"https:\/\/www.sgtraductions-services.fr\/#organization\",\"name\":\"SG TRADUCTIONS\",\"url\":\"https:\/\/www.sgtraductions-services.fr\/\",\"logo\":{\"@type\":\"ImageObject\",\"inLanguage\":\"en-US\",\"@id\":\"https:\/\/www.sgtraductions-services.fr\/#\/schema\/logo\/image\/\",\"url\":\"https:\/\/www.sgtraductions-services.fr\/wp-content\/uploads\/2023\/09\/logo1.png\",\"contentUrl\":\"https:\/\/www.sgtraductions-services.fr\/wp-content\/uploads\/2023\/09\/logo1.png\",\"width\":300,\"height\":222,\"caption\":\"SG TRADUCTIONS\"},\"image\":{\"@id\":\"https:\/\/www.sgtraductions-services.fr\/#\/schema\/logo\/image\/\"}}]}<\/script>\n<!-- \/ Yoast SEO plugin. -->","yoast_head_json":{"title":"Formulaire de contact - SG TRADUCTIONS","robots":{"index":"index","follow":"follow","max-snippet":"max-snippet:-1","max-image-preview":"max-image-preview:large","max-video-preview":"max-video-preview:-1"},"canonical":"https:\/\/www.sgtraductions-services.fr\/en\/formulaire-de-contact\/","og_locale":"en_US","og_type":"article","og_title":"Formulaire de contact - SG TRADUCTIONS","og_description":"Bonjour ! Merci d&rsquo;envoyer votre demande accompagn\u00e9e d&rsquo;un \u00e9chantillon \u00e0 : contact@sgtraductions-services.fr \u00c9l\u00e9ments \u00e0 pr\u00e9ciser dans votre message : TRADUCTION &amp; TRANSCRIPTION\u00a0\u00a0\u00a0\u00a0\u00a0\u00a0\u00a0\u00a0\u00a0\u00a0\u00a0\u00a0\u00a0\u00a0\u00a0\u00a0\u00a0\u00a0\u00a0\u00a0\u00a0\u00a0\u00a0\u00a0\u00a0\u00a0\u00a0\u00a0\u00a0\u00a0\u00a0\u00a0\u00a0\u00a0\u00a0\u00a0\u00a0\u00a0\u00a0\u00a0\u00a0\u00a0\u00a0\u00a0\u00a0\u00a0\u00a0\u00a0\u00a0\u00a0\u00a0\u00a0\u00a0\u00a0\u00a0\u00a0\u00a0\u00a0\u00a0\u00a0\u00a0\u00a0\u00a0\u00a0\u00a0\u00a0\u00a0\u00a0\u00a0\u00a0\u00a0\u00a0\u00a0\u00a0\u00a0\u00a0\u00a0\u00a0 Votre identit\u00e9 (soci\u00e9t\u00e9 ou particulier)\u00a0\u00a0\u00a0\u00a0\u00a0\u00a0\u00a0\u00a0\u00a0\u00a0\u00a0\u00a0\u00a0\u00a0\u00a0\u00a0\u00a0\u00a0\u00a0\u00a0\u00a0\u00a0\u00a0\u00a0\u00a0 type de texte ou d&rsquo;audio format de support\u00a0\u00a0\u00a0\u00a0\u00a0\u00a0\u00a0\u00a0\u00a0\u00a0\u00a0\u00a0\u00a0\u00a0\u00a0\u00a0\u00a0\u00a0\u00a0\u00a0\u00a0\u00a0\u00a0\u00a0\u00a0\u00a0\u00a0\u00a0\u00a0\u00a0\u00a0 longueur totale du texte ou de l&rsquo;audio objectif et destination d\u00e9lai R\u00c9DACTION type (article, blog, publicit\u00e9, etc.) longueur attendue registre [&hellip;]","og_url":"https:\/\/www.sgtraductions-services.fr\/en\/formulaire-de-contact\/","og_site_name":"SG TRADUCTIONS","article_modified_time":"2023-09-20T14:43:08+00:00","og_image":[{"url":"https:\/\/www.sgtraductions-services.fr\/www\/wp-content\/uploads\/2023\/09\/Front-page-basis.jpg"}],"twitter_card":"summary_large_image","twitter_misc":{"Est. reading time":"1 minute"},"schema":{"@context":"https:\/\/schema.org","@graph":[{"@type":"WebPage","@id":"https:\/\/www.sgtraductions-services.fr\/formulaire-de-contact\/","url":"https:\/\/www.sgtraductions-services.fr\/formulaire-de-contact\/","name":"Formulaire de contact - SG TRADUCTIONS","isPartOf":{"@id":"https:\/\/www.sgtraductions-services.fr\/#website"},"datePublished":"2023-09-13T14:06:10+00:00","dateModified":"2023-09-20T14:43:08+00:00","breadcrumb":{"@id":"https:\/\/www.sgtraductions-services.fr\/formulaire-de-contact\/#breadcrumb"},"inLanguage":"en-US","potentialAction":[{"@type":"ReadAction","target":["https:\/\/www.sgtraductions-services.fr\/formulaire-de-contact\/"]}]},{"@type":"BreadcrumbList","@id":"https:\/\/www.sgtraductions-services.fr\/formulaire-de-contact\/#breadcrumb","itemListElement":[{"@type":"ListItem","position":1,"name":"Accueil","item":"https:\/\/www.sgtraductions-services.fr\/"},{"@type":"ListItem","position":2,"name":"Formulaire de contact"}]},{"@type":"WebSite","@id":"https:\/\/www.sgtraductions-services.fr\/#website","url":"https:\/\/www.sgtraductions-services.fr\/","name":"SG TRADUCTIONS","description":"","publisher":{"@id":"https:\/\/www.sgtraductions-services.fr\/#organization"},"potentialAction":[{"@type":"SearchAction","target":{"@type":"EntryPoint","urlTemplate":"https:\/\/www.sgtraductions-services.fr\/?s={search_term_string}"},"query-input":"required name=search_term_string"}],"inLanguage":"en-US"},{"@type":"Organization","@id":"https:\/\/www.sgtraductions-services.fr\/#organization","name":"SG TRADUCTIONS","url":"https:\/\/www.sgtraductions-services.fr\/","logo":{"@type":"ImageObject","inLanguage":"en-US","@id":"https:\/\/www.sgtraductions-services.fr\/#\/schema\/logo\/image\/","url":"https:\/\/www.sgtraductions-services.fr\/wp-content\/uploads\/2023\/09\/logo1.png","contentUrl":"https:\/\/www.sgtraductions-services.fr\/wp-content\/uploads\/2023\/09\/logo1.png","width":300,"height":222,"caption":"SG TRADUCTIONS"},"image":{"@id":"https:\/\/www.sgtraductions-services.fr\/#\/schema\/logo\/image\/"}}]}},"_links":{"self":[{"href":"https:\/\/www.sgtraductions-services.fr\/en\/wp-json\/wp\/v2\/pages\/500","targetHints":{"allow":["GET"]}}],"collection":[{"href":"https:\/\/www.sgtraductions-services.fr\/en\/wp-json\/wp\/v2\/pages"}],"about":[{"href":"https:\/\/www.sgtraductions-services.fr\/en\/wp-json\/wp\/v2\/types\/page"}],"author":[{"embeddable":true,"href":"https:\/\/www.sgtraductions-services.fr\/en\/wp-json\/wp\/v2\/users\/1"}],"replies":[{"embeddable":true,"href":"https:\/\/www.sgtraductions-services.fr\/en\/wp-json\/wp\/v2\/comments?post=500"}],"version-history":[{"count":0,"href":"https:\/\/www.sgtraductions-services.fr\/en\/wp-json\/wp\/v2\/pages\/500\/revisions"}],"wp:attachment":[{"href":"https:\/\/www.sgtraductions-services.fr\/en\/wp-json\/wp\/v2\/media?parent=500"}],"curies":[{"name":"wp","href":"https:\/\/api.w.org\/{rel}","templated":true}]}}