{"id":1473,"date":"2024-01-19T17:22:08","date_gmt":"2024-01-19T16:22:08","guid":{"rendered":"https:\/\/www.sgtraductions-services.fr\/?page_id=1473"},"modified":"2024-01-30T13:36:55","modified_gmt":"2024-01-30T12:36:55","slug":"offre-parcoursup","status":"publish","type":"page","link":"https:\/\/www.sgtraductions-services.fr\/en\/offre-parcoursup\/","title":{"rendered":"Offre PARCOURSUP"},"content":{"rendered":"<div data-elementor-type=\"wp-page\" data-elementor-id=\"1473\" class=\"elementor elementor-1473\">\n\t\t\t\t\t\t\t\t\t<section class=\"elementor-section elementor-top-section elementor-element elementor-element-3181faf elementor-section-boxed elementor-section-height-default elementor-section-height-default\" data-id=\"3181faf\" data-element_type=\"section\" data-settings=\"{&quot;background_background&quot;:&quot;classic&quot;}\">\n\t\t\t\t\t\t\t<div class=\"elementor-background-overlay\"><\/div>\n\t\t\t\t\t\t\t<div class=\"elementor-container elementor-column-gap-default\">\n\t\t\t\t\t<div class=\"elementor-column elementor-col-100 elementor-top-column elementor-element elementor-element-b2d9c84\" data-id=\"b2d9c84\" data-element_type=\"column\">\n\t\t\t<div class=\"elementor-widget-wrap elementor-element-populated\">\n\t\t\t\t\t\t\t\t<section class=\"elementor-section elementor-inner-section elementor-element elementor-element-d73b8be elementor-section-boxed elementor-section-height-default elementor-section-height-default\" data-id=\"d73b8be\" data-element_type=\"section\">\n\t\t\t\t\t\t<div class=\"elementor-container elementor-column-gap-default\">\n\t\t\t\t\t<div class=\"elementor-column elementor-col-50 elementor-inner-column elementor-element elementor-element-8d16dfe\" data-id=\"8d16dfe\" data-element_type=\"column\">\n\t\t\t<div class=\"elementor-widget-wrap elementor-element-populated\">\n\t\t\t\t\t\t\t\t<div class=\"elementor-element elementor-element-0278b42 elementor-widget elementor-widget-text-editor\" data-id=\"0278b42\" data-element_type=\"widget\" data-widget_type=\"text-editor.default\">\n\t\t\t\t<div class=\"elementor-widget-container\">\n\t\t\t<style>\/*! elementor - v3.15.0 - 20-08-2023 *\/\n.elementor-widget-text-editor.elementor-drop-cap-view-stacked .elementor-drop-cap{background-color:#69727d;color:#fff}.elementor-widget-text-editor.elementor-drop-cap-view-framed .elementor-drop-cap{color:#69727d;border:3px solid;background-color:transparent}.elementor-widget-text-editor:not(.elementor-drop-cap-view-default) .elementor-drop-cap{margin-top:8px}.elementor-widget-text-editor:not(.elementor-drop-cap-view-default) .elementor-drop-cap-letter{width:1em;height:1em}.elementor-widget-text-editor .elementor-drop-cap{float:left;text-align:center;line-height:1;font-size:50px}.elementor-widget-text-editor .elementor-drop-cap-letter{display:inline-block}<\/style>\t\t\t\t<h4>UNE AIDE \u00c0 L&rsquo;ORIENTATION ? C&rsquo;EST MAINTENANT ! \ud83d\ude80<\/h4><h6><strong>Vos enfants sont en classe de terminale<\/strong> cette ann\u00e9e, et voici cette p\u00e9riode d\u00e9cisive qu&rsquo;est <strong>f\u00e9vrier-mars.<\/strong><\/h6><p>\ud83d\udd3b C&rsquo;est nouveau pour vous ?<\/p><p>\ud83d\udd3b Cet outil <strong>Parcoursup<\/strong> vous fait l&rsquo;effet d&rsquo;un labyrinthe g\u00e9ant, chronophage et inqui\u00e9tant ?<\/p><p>\ud83d\udd3b Les pistes, sigles et ressources sont trop nombreuses et l&rsquo;on s&rsquo;y perd ?<\/p><p>\ud83d\udd3b Le calendrier du processus semble complexe et vous avez peur de manquer quelque chose ?<\/p><p>\u00a0<\/p><p>\u00a0<\/p><p><strong>\ud83d\udfe2 <\/strong><em><strong>Je vous aide \u00e0 y voir clair sereinement, je vous accompagne pour r\u00e9ussir cette orientation.<br \/><\/strong><\/em><\/p>\t\t\t\t\t\t<\/div>\n\t\t\t\t<\/div>\n\t\t\t\t\t<\/div>\n\t\t<\/div>\n\t\t\t\t<div class=\"elementor-column elementor-col-50 elementor-inner-column elementor-element elementor-element-e26d69e\" data-id=\"e26d69e\" data-element_type=\"column\">\n\t\t\t<div class=\"elementor-widget-wrap elementor-element-populated\">\n\t\t\t\t\t\t\t\t<div class=\"elementor-element elementor-element-297c25f elementor-widget elementor-widget-text-editor\" data-id=\"297c25f\" data-element_type=\"widget\" data-widget_type=\"text-editor.default\">\n\t\t\t\t<div class=\"elementor-widget-container\">\n\t\t\t\t\t\t\t<h4>\ud83d\udc49 Je suis votre alli\u00e9e !<\/h4><ul><li><h6>Accompagnement des jeunes et de leurs familles depuis 2002.<\/h6><\/li><li><h6>+ 25 ans d&rsquo;exp\u00e9rience dans l&rsquo;enseignement du secondaire et du sup\u00e9rieur en Nouvelle-Aquitaine.<\/h6><\/li><li><h6>20 ans d&rsquo;expertise en orientation (10 en coll\u00e8ges et 10 en lyc\u00e9es\/toutes fili\u00e8res).<\/h6><\/li><li><h6>+ 4 500 jeunes orient\u00e9s.<\/h6><\/li><li><h6>Excellente ma\u00eetrise de la plateforme Parcoursup.<\/h6><\/li><li><h6>Excellente connaissance des fili\u00e8res, du processus et du terrain en Nouvelle-Aquitaine.<\/h6><\/li><li><h6>Expertise en psychologie de l&rsquo;\u00e9ducation et en orientation.<\/h6><\/li><li><h6>Expertise en ann\u00e9e de c\u00e9sure et mobilit\u00e9 \u00e0 l&rsquo;\u00e9tranger.<\/h6><\/li><\/ul><p>\ud83d\udfe2 <em><strong>Je vous apporte mon exp\u00e9rience et un suivi individualis\u00e9 pour une orientation r\u00e9ussie.<\/strong><\/em><\/p>\t\t\t\t\t\t<\/div>\n\t\t\t\t<\/div>\n\t\t\t\t\t<\/div>\n\t\t<\/div>\n\t\t\t\t\t\t\t<\/div>\n\t\t<\/section>\n\t\t\t\t\t<\/div>\n\t\t<\/div>\n\t\t\t\t\t\t\t<\/div>\n\t\t<\/section>\n\t\t\t\t<section class=\"elementor-section elementor-top-section elementor-element elementor-element-a42bef4 elementor-section-boxed elementor-section-height-default elementor-section-height-default\" data-id=\"a42bef4\" data-element_type=\"section\">\n\t\t\t\t\t\t<div class=\"elementor-container elementor-column-gap-default\">\n\t\t\t\t\t<div class=\"elementor-column elementor-col-100 elementor-top-column elementor-element elementor-element-bb8810e\" data-id=\"bb8810e\" data-element_type=\"column\">\n\t\t\t<div class=\"elementor-widget-wrap elementor-element-populated\">\n\t\t\t\t\t\t\t\t<div class=\"elementor-element elementor-element-d597a2b elementor-widget elementor-widget-text-editor\" data-id=\"d597a2b\" data-element_type=\"widget\" data-widget_type=\"text-editor.default\">\n\t\t\t\t<div class=\"elementor-widget-container\">\n\t\t\t\t\t\t\t<h3><a href=\"https:\/\/www.sgtraductions-services.fr\/en\/parcoursup-pack-base\/\">1 OFFRE PACK DE BASE<\/a>\u00a0\u00a0 |\u00a0\u00a0 <a href=\"https:\/\/www.sgtraductions-services.fr\/en\/parcoursup-les-options\/\">4 OPTIONS LI\u00c9ES<\/a>\u00a0\u00a0 |\u00a0\u00a0 <a href=\"https:\/\/www.sgtraductions-services.fr\/en\/parcoursup-les-options\/\">3 OPTIONS EN OFFRE SOLO<\/a>\u00a0\u00a0<\/h3><h5>D\u00e9terminons ensemble l&rsquo;offre la plus adapt\u00e9e \u00e0 votre cas et \u00e0 vos besoins au cours d&rsquo;un premier entretien gratuit de 15 minutes.<\/h5>\t\t\t\t\t\t<\/div>\n\t\t\t\t<\/div>\n\t\t\t\t\t<\/div>\n\t\t<\/div>\n\t\t\t\t\t\t\t<\/div>\n\t\t<\/section>\n\t\t\t\t<section class=\"elementor-section elementor-top-section elementor-element elementor-element-58c4054 elementor-section-boxed elementor-section-height-default elementor-section-height-default\" data-id=\"58c4054\" data-element_type=\"section\">\n\t\t\t\t\t\t<div class=\"elementor-container elementor-column-gap-default\">\n\t\t\t\t\t<div class=\"elementor-column elementor-col-100 elementor-top-column elementor-element elementor-element-22201cb\" data-id=\"22201cb\" data-element_type=\"column\">\n\t\t\t<div class=\"elementor-widget-wrap elementor-element-populated\">\n\t\t\t\t\t\t\t\t<div class=\"elementor-element elementor-element-eac88c3 elementor-align-center elementor-widget elementor-widget-button\" data-id=\"eac88c3\" data-element_type=\"widget\" data-widget_type=\"button.default\">\n\t\t\t\t<div class=\"elementor-widget-container\">\n\t\t\t\t\t<div class=\"elementor-button-wrapper\">\n\t\t\t<a class=\"elementor-button elementor-button-link elementor-size-sm\" href=\"https:\/\/www.sgtraductions-services.fr\/en\/contact-us\/\" target=\"_blank\">\n\t\t\t\t\t\t<span class=\"elementor-button-content-wrapper\">\n\t\t\t\t\t\t<span class=\"elementor-button-text\">Contactez-moi d\u00e8s maintenant<\/span>\n\t\t<\/span>\n\t\t\t\t\t<\/a>\n\t\t<\/div>\n\t\t\t\t<\/div>\n\t\t\t\t<\/div>\n\t\t\t\t\t<\/div>\n\t\t<\/div>\n\t\t\t\t\t\t\t<\/div>\n\t\t<\/section>\n\t\t\t\t<section class=\"elementor-section elementor-top-section elementor-element elementor-element-64041e6 elementor-section-boxed elementor-section-height-default elementor-section-height-default\" data-id=\"64041e6\" data-element_type=\"section\">\n\t\t\t\t\t\t<div class=\"elementor-container elementor-column-gap-default\">\n\t\t\t\t\t<div class=\"elementor-column elementor-col-100 elementor-top-column elementor-element elementor-element-161f53e\" data-id=\"161f53e\" data-element_type=\"column\">\n\t\t\t<div class=\"elementor-widget-wrap\">\n\t\t\t\t\t\t\t\t\t<\/div>\n\t\t<\/div>\n\t\t\t\t\t\t\t<\/div>\n\t\t<\/section>\n\t\t\t\t<section class=\"elementor-section elementor-top-section elementor-element elementor-element-c86563f elementor-section-boxed elementor-section-height-default elementor-section-height-default\" data-id=\"c86563f\" data-element_type=\"section\">\n\t\t\t\t\t\t<div class=\"elementor-container elementor-column-gap-default\">\n\t\t\t\t\t<div class=\"elementor-column elementor-col-100 elementor-top-column elementor-element elementor-element-3762f55\" data-id=\"3762f55\" data-element_type=\"column\">\n\t\t\t<div class=\"elementor-widget-wrap elementor-element-populated\">\n\t\t\t\t\t\t\t\t<div class=\"elementor-element elementor-element-d9b76a1 elementor-arrows-position-inside elementor-pagination-position-outside elementor-widget elementor-widget-image-carousel\" data-id=\"d9b76a1\" data-element_type=\"widget\" data-settings=\"{&quot;navigation&quot;:&quot;both&quot;,&quot;autoplay&quot;:&quot;yes&quot;,&quot;pause_on_hover&quot;:&quot;yes&quot;,&quot;pause_on_interaction&quot;:&quot;yes&quot;,&quot;autoplay_speed&quot;:5000,&quot;infinite&quot;:&quot;yes&quot;,&quot;speed&quot;:500}\" data-widget_type=\"image-carousel.default\">\n\t\t\t\t<div class=\"elementor-widget-container\">\n\t\t\t<style>\/*! elementor - v3.15.0 - 20-08-2023 *\/\n.elementor-widget-image-carousel .swiper,.elementor-widget-image-carousel .swiper-container{position:static}.elementor-widget-image-carousel .swiper-container .swiper-slide figure,.elementor-widget-image-carousel .swiper .swiper-slide figure{line-height:inherit}.elementor-widget-image-carousel .swiper-slide{text-align:center}.elementor-image-carousel-wrapper:not(.swiper-container-initialized):not(.swiper-initialized) .swiper-slide{max-width:calc(100% \/ var(--e-image-carousel-slides-to-show, 3))}<\/style>\t\t<div class=\"elementor-image-carousel-wrapper swiper\" dir=\"ltr\">\n\t\t\t<div class=\"elementor-image-carousel swiper-wrapper\" aria-live=\"off\">\n\t\t\t\t\t\t\t\t<div class=\"swiper-slide\" role=\"group\" aria-roledescription=\"slide\" aria-label=\"1 of 7\"><figure class=\"swiper-slide-inner\"><img decoding=\"async\" class=\"swiper-slide-image\" src=\"https:\/\/www.sgtraductions-services.fr\/wp-content\/uploads\/2024\/01\/Je-veux-faire-un-master-en-informatique-mais-jai-pas-eu-math-en-1e.-Cest-possible--768x401.jpg\" alt=\"Orientation et Parcoursup_questions d&#039;\u00e9l\u00e8ves\" \/><\/figure><\/div><div class=\"swiper-slide\" role=\"group\" aria-roledescription=\"slide\" aria-label=\"2 of 7\"><figure class=\"swiper-slide-inner\"><img decoding=\"async\" class=\"swiper-slide-image\" src=\"https:\/\/www.sgtraductions-services.fr\/wp-content\/uploads\/2024\/01\/2-768x401.jpg\" alt=\"2\" \/><\/figure><\/div><div class=\"swiper-slide\" role=\"group\" aria-roledescription=\"slide\" aria-label=\"3 of 7\"><figure class=\"swiper-slide-inner\"><img decoding=\"async\" class=\"swiper-slide-image\" src=\"https:\/\/www.sgtraductions-services.fr\/wp-content\/uploads\/2024\/01\/3-768x401.jpg\" alt=\"3\" \/><\/figure><\/div><div class=\"swiper-slide\" role=\"group\" aria-roledescription=\"slide\" aria-label=\"4 of 7\"><figure class=\"swiper-slide-inner\"><img decoding=\"async\" class=\"swiper-slide-image\" src=\"https:\/\/www.sgtraductions-services.fr\/wp-content\/uploads\/2024\/01\/4-768x401.jpg\" alt=\"4\" \/><\/figure><\/div><div class=\"swiper-slide\" role=\"group\" aria-roledescription=\"slide\" aria-label=\"5 of 7\"><figure class=\"swiper-slide-inner\"><img decoding=\"async\" class=\"swiper-slide-image\" src=\"https:\/\/www.sgtraductions-services.fr\/wp-content\/uploads\/2024\/01\/5-768x401.jpg\" alt=\"5\" \/><\/figure><\/div><div class=\"swiper-slide\" role=\"group\" aria-roledescription=\"slide\" aria-label=\"6 of 7\"><figure class=\"swiper-slide-inner\"><img decoding=\"async\" class=\"swiper-slide-image\" src=\"https:\/\/www.sgtraductions-services.fr\/wp-content\/uploads\/2024\/01\/6-768x401.jpg\" alt=\"6\" \/><\/figure><\/div><div class=\"swiper-slide\" role=\"group\" aria-roledescription=\"slide\" aria-label=\"7 of 7\"><figure class=\"swiper-slide-inner\"><img decoding=\"async\" class=\"swiper-slide-image\" src=\"https:\/\/www.sgtraductions-services.fr\/wp-content\/uploads\/2024\/01\/7-768x401.jpg\" alt=\"7\" \/><\/figure><\/div>\t\t\t<\/div>\n\t\t\t\t\t\t\t\t\t\t\t\t<div class=\"elementor-swiper-button elementor-swiper-button-prev\" role=\"button\" tabindex=\"0\">\n\t\t\t\t\t\t<i aria-hidden=\"true\" class=\"eicon-chevron-left\"><\/i>\t\t\t\t\t<\/div>\n\t\t\t\t\t<div class=\"elementor-swiper-button elementor-swiper-button-next\" role=\"button\" tabindex=\"0\">\n\t\t\t\t\t\t<i aria-hidden=\"true\" class=\"eicon-chevron-right\"><\/i>\t\t\t\t\t<\/div>\n\t\t\t\t\n\t\t\t\t\t\t\t\t\t<div class=\"swiper-pagination\"><\/div>\n\t\t\t\t\t\t\t\t\t<\/div>\n\t\t\t\t<\/div>\n\t\t\t\t<\/div>\n\t\t\t\t<div class=\"elementor-element elementor-element-5d4276e elementor-widget elementor-widget-spacer\" data-id=\"5d4276e\" data-element_type=\"widget\" data-widget_type=\"spacer.default\">\n\t\t\t\t<div class=\"elementor-widget-container\">\n\t\t\t<style>\/*! elementor - v3.15.0 - 20-08-2023 *\/\n.elementor-column .elementor-spacer-inner{height:var(--spacer-size)}.e-con{--container-widget-width:100%}.e-con-inner>.elementor-widget-spacer,.e-con>.elementor-widget-spacer{width:var(--container-widget-width,var(--spacer-size));--align-self:var(--container-widget-align-self,initial);--flex-shrink:0}.e-con-inner>.elementor-widget-spacer>.elementor-widget-container,.e-con-inner>.elementor-widget-spacer>.elementor-widget-container>.elementor-spacer,.e-con>.elementor-widget-spacer>.elementor-widget-container,.e-con>.elementor-widget-spacer>.elementor-widget-container>.elementor-spacer{height:100%}.e-con-inner>.elementor-widget-spacer>.elementor-widget-container>.elementor-spacer>.elementor-spacer-inner,.e-con>.elementor-widget-spacer>.elementor-widget-container>.elementor-spacer>.elementor-spacer-inner{height:var(--container-widget-height,var(--spacer-size))}<\/style>\t\t<div class=\"elementor-spacer\">\n\t\t\t<div class=\"elementor-spacer-inner\"><\/div>\n\t\t<\/div>\n\t\t\t\t<\/div>\n\t\t\t\t<\/div>\n\t\t\t\t\t<\/div>\n\t\t<\/div>\n\t\t\t\t\t\t\t<\/div>\n\t\t<\/section>\n\t\t\t\t<section class=\"elementor-section elementor-top-section elementor-element elementor-element-db64a88 elementor-section-boxed elementor-section-height-default elementor-section-height-default\" data-id=\"db64a88\" data-element_type=\"section\">\n\t\t\t\t\t\t<div class=\"elementor-container elementor-column-gap-default\">\n\t\t\t\t\t<div class=\"elementor-column elementor-col-100 elementor-top-column elementor-element elementor-element-7ffc879\" data-id=\"7ffc879\" data-element_type=\"column\">\n\t\t\t<div class=\"elementor-widget-wrap elementor-element-populated\">\n\t\t\t\t\t\t\t\t<div class=\"elementor-element elementor-element-12ff765 elementor-widget elementor-widget-text-editor\" data-id=\"12ff765\" data-element_type=\"widget\" data-widget_type=\"text-editor.default\">\n\t\t\t\t<div class=\"elementor-widget-container\">\n\t\t\t\t\t\t\t<h2>N&rsquo;h\u00e9sitez pas ! C&rsquo;est maintenant et jusqu&rsquo;au 14 mars.<\/h2><h2>\ud83c\udfaf<\/h2>\t\t\t\t\t\t<\/div>\n\t\t\t\t<\/div>\n\t\t\t\t\t<\/div>\n\t\t<\/div>\n\t\t\t\t\t\t\t<\/div>\n\t\t<\/section>\n\t\t\t\t<section class=\"elementor-section elementor-top-section elementor-element elementor-element-8ebcc99 elementor-section-boxed elementor-section-height-default elementor-section-height-default\" data-id=\"8ebcc99\" data-element_type=\"section\">\n\t\t\t\t\t\t<div class=\"elementor-container elementor-column-gap-default\">\n\t\t\t\t\t<div class=\"elementor-column elementor-col-100 elementor-top-column elementor-element elementor-element-993eece\" data-id=\"993eece\" data-element_type=\"column\">\n\t\t\t<div class=\"elementor-widget-wrap elementor-element-populated\">\n\t\t\t\t\t\t\t\t<div class=\"elementor-element elementor-element-9decbda elementor-align-center elementor-widget elementor-widget-button\" data-id=\"9decbda\" data-element_type=\"widget\" data-widget_type=\"button.default\">\n\t\t\t\t<div class=\"elementor-widget-container\">\n\t\t\t\t\t<div class=\"elementor-button-wrapper\">\n\t\t\t<a class=\"elementor-button elementor-button-link elementor-size-lg\" href=\"https:\/\/www.sgtraductions-services.fr\/en\/contact-us\/\">\n\t\t\t\t\t\t<span class=\"elementor-button-content-wrapper\">\n\t\t\t\t\t\t<span class=\"elementor-button-text\">Contact me<\/span>\n\t\t<\/span>\n\t\t\t\t\t<\/a>\n\t\t<\/div>\n\t\t\t\t<\/div>\n\t\t\t\t<\/div>\n\t\t\t\t\t<\/div>\n\t\t<\/div>\n\t\t\t\t\t\t\t<\/div>\n\t\t<\/section>\n\t\t\t\t\t\t\t<\/div>","protected":false},"excerpt":{"rendered":"<p>UNE AIDE \u00c0 L&rsquo;ORIENTATION ? C&rsquo;EST MAINTENANT ! \ud83d\ude80 Vos enfants sont en classe de terminale cette ann\u00e9e, et voici cette p\u00e9riode d\u00e9cisive qu&rsquo;est f\u00e9vrier-mars. \ud83d\udd3b C&rsquo;est nouveau pour vous ? \ud83d\udd3b Cet outil Parcoursup vous fait l&rsquo;effet d&rsquo;un labyrinthe g\u00e9ant, chronophage et inqui\u00e9tant ? \ud83d\udd3b Les pistes, sigles et ressources sont trop nombreuses et [&hellip;]<\/p>","protected":false},"author":1,"featured_media":0,"parent":0,"menu_order":0,"comment_status":"closed","ping_status":"closed","template":"","meta":{"footnotes":""},"class_list":["post-1473","page","type-page","status-publish","hentry"],"yoast_head":"<!-- This site is optimized with the Yoast SEO plugin v21.1 - https:\/\/yoast.com\/wordpress\/plugins\/seo\/ -->\n<title>Offre PARCOURSUP - SG TRADUCTIONS<\/title>\n<meta name=\"robots\" content=\"index, follow, max-snippet:-1, max-image-preview:large, max-video-preview:-1\" \/>\n<link rel=\"canonical\" href=\"https:\/\/www.sgtraductions-services.fr\/en\/offre-parcoursup\/\" \/>\n<meta property=\"og:locale\" content=\"en_US\" \/>\n<meta property=\"og:type\" content=\"article\" \/>\n<meta property=\"og:title\" content=\"Offre PARCOURSUP - SG TRADUCTIONS\" \/>\n<meta property=\"og:description\" content=\"UNE AIDE \u00c0 L&rsquo;ORIENTATION ? C&rsquo;EST MAINTENANT ! \ud83d\ude80 Vos enfants sont en classe de terminale cette ann\u00e9e, et voici cette p\u00e9riode d\u00e9cisive qu&rsquo;est f\u00e9vrier-mars. \ud83d\udd3b C&rsquo;est nouveau pour vous ? \ud83d\udd3b Cet outil Parcoursup vous fait l&rsquo;effet d&rsquo;un labyrinthe g\u00e9ant, chronophage et inqui\u00e9tant ? \ud83d\udd3b Les pistes, sigles et ressources sont trop nombreuses et [&hellip;]\" \/>\n<meta property=\"og:url\" content=\"https:\/\/www.sgtraductions-services.fr\/en\/offre-parcoursup\/\" \/>\n<meta property=\"og:site_name\" content=\"SG TRADUCTIONS\" \/>\n<meta property=\"article:modified_time\" content=\"2024-01-30T12:36:55+00:00\" \/>\n<meta property=\"og:image\" content=\"https:\/\/www.sgtraductions-services.fr\/wp-content\/uploads\/2024\/01\/Je-veux-faire-un-master-en-informatique-mais-jai-pas-eu-math-en-1e.-Cest-possible--768x401.jpg\" \/>\n<meta name=\"twitter:card\" content=\"summary_large_image\" \/>\n<meta name=\"twitter:label1\" content=\"Est. reading time\" \/>\n\t<meta name=\"twitter:data1\" content=\"4 minutes\" \/>\n<script type=\"application\/ld+json\" class=\"yoast-schema-graph\">{\"@context\":\"https:\/\/schema.org\",\"@graph\":[{\"@type\":\"WebPage\",\"@id\":\"https:\/\/www.sgtraductions-services.fr\/offre-parcoursup\/\",\"url\":\"https:\/\/www.sgtraductions-services.fr\/offre-parcoursup\/\",\"name\":\"Offre PARCOURSUP - SG TRADUCTIONS\",\"isPartOf\":{\"@id\":\"https:\/\/www.sgtraductions-services.fr\/#website\"},\"datePublished\":\"2024-01-19T16:22:08+00:00\",\"dateModified\":\"2024-01-30T12:36:55+00:00\",\"breadcrumb\":{\"@id\":\"https:\/\/www.sgtraductions-services.fr\/offre-parcoursup\/#breadcrumb\"},\"inLanguage\":\"en-US\",\"potentialAction\":[{\"@type\":\"ReadAction\",\"target\":[\"https:\/\/www.sgtraductions-services.fr\/offre-parcoursup\/\"]}]},{\"@type\":\"BreadcrumbList\",\"@id\":\"https:\/\/www.sgtraductions-services.fr\/offre-parcoursup\/#breadcrumb\",\"itemListElement\":[{\"@type\":\"ListItem\",\"position\":1,\"name\":\"Accueil\",\"item\":\"https:\/\/www.sgtraductions-services.fr\/\"},{\"@type\":\"ListItem\",\"position\":2,\"name\":\"Offre PARCOURSUP\"}]},{\"@type\":\"WebSite\",\"@id\":\"https:\/\/www.sgtraductions-services.fr\/#website\",\"url\":\"https:\/\/www.sgtraductions-services.fr\/\",\"name\":\"SG TRADUCTIONS\",\"description\":\"\",\"publisher\":{\"@id\":\"https:\/\/www.sgtraductions-services.fr\/#organization\"},\"potentialAction\":[{\"@type\":\"SearchAction\",\"target\":{\"@type\":\"EntryPoint\",\"urlTemplate\":\"https:\/\/www.sgtraductions-services.fr\/?s={search_term_string}\"},\"query-input\":\"required name=search_term_string\"}],\"inLanguage\":\"en-US\"},{\"@type\":\"Organization\",\"@id\":\"https:\/\/www.sgtraductions-services.fr\/#organization\",\"name\":\"SG TRADUCTIONS\",\"url\":\"https:\/\/www.sgtraductions-services.fr\/\",\"logo\":{\"@type\":\"ImageObject\",\"inLanguage\":\"en-US\",\"@id\":\"https:\/\/www.sgtraductions-services.fr\/#\/schema\/logo\/image\/\",\"url\":\"https:\/\/www.sgtraductions-services.fr\/wp-content\/uploads\/2023\/09\/logo1.png\",\"contentUrl\":\"https:\/\/www.sgtraductions-services.fr\/wp-content\/uploads\/2023\/09\/logo1.png\",\"width\":300,\"height\":222,\"caption\":\"SG TRADUCTIONS\"},\"image\":{\"@id\":\"https:\/\/www.sgtraductions-services.fr\/#\/schema\/logo\/image\/\"}}]}<\/script>\n<!-- \/ Yoast SEO plugin. -->","yoast_head_json":{"title":"Offre PARCOURSUP - SG TRADUCTIONS","robots":{"index":"index","follow":"follow","max-snippet":"max-snippet:-1","max-image-preview":"max-image-preview:large","max-video-preview":"max-video-preview:-1"},"canonical":"https:\/\/www.sgtraductions-services.fr\/en\/offre-parcoursup\/","og_locale":"en_US","og_type":"article","og_title":"Offre PARCOURSUP - SG TRADUCTIONS","og_description":"UNE AIDE \u00c0 L&rsquo;ORIENTATION ? C&rsquo;EST MAINTENANT ! \ud83d\ude80 Vos enfants sont en classe de terminale cette ann\u00e9e, et voici cette p\u00e9riode d\u00e9cisive qu&rsquo;est f\u00e9vrier-mars. \ud83d\udd3b C&rsquo;est nouveau pour vous ? \ud83d\udd3b Cet outil Parcoursup vous fait l&rsquo;effet d&rsquo;un labyrinthe g\u00e9ant, chronophage et inqui\u00e9tant ? \ud83d\udd3b Les pistes, sigles et ressources sont trop nombreuses et [&hellip;]","og_url":"https:\/\/www.sgtraductions-services.fr\/en\/offre-parcoursup\/","og_site_name":"SG TRADUCTIONS","article_modified_time":"2024-01-30T12:36:55+00:00","og_image":[{"url":"https:\/\/www.sgtraductions-services.fr\/wp-content\/uploads\/2024\/01\/Je-veux-faire-un-master-en-informatique-mais-jai-pas-eu-math-en-1e.-Cest-possible--768x401.jpg"}],"twitter_card":"summary_large_image","twitter_misc":{"Est. reading time":"4 minutes"},"schema":{"@context":"https:\/\/schema.org","@graph":[{"@type":"WebPage","@id":"https:\/\/www.sgtraductions-services.fr\/offre-parcoursup\/","url":"https:\/\/www.sgtraductions-services.fr\/offre-parcoursup\/","name":"Offre PARCOURSUP - SG TRADUCTIONS","isPartOf":{"@id":"https:\/\/www.sgtraductions-services.fr\/#website"},"datePublished":"2024-01-19T16:22:08+00:00","dateModified":"2024-01-30T12:36:55+00:00","breadcrumb":{"@id":"https:\/\/www.sgtraductions-services.fr\/offre-parcoursup\/#breadcrumb"},"inLanguage":"en-US","potentialAction":[{"@type":"ReadAction","target":["https:\/\/www.sgtraductions-services.fr\/offre-parcoursup\/"]}]},{"@type":"BreadcrumbList","@id":"https:\/\/www.sgtraductions-services.fr\/offre-parcoursup\/#breadcrumb","itemListElement":[{"@type":"ListItem","position":1,"name":"Accueil","item":"https:\/\/www.sgtraductions-services.fr\/"},{"@type":"ListItem","position":2,"name":"Offre PARCOURSUP"}]},{"@type":"WebSite","@id":"https:\/\/www.sgtraductions-services.fr\/#website","url":"https:\/\/www.sgtraductions-services.fr\/","name":"SG TRADUCTIONS","description":"","publisher":{"@id":"https:\/\/www.sgtraductions-services.fr\/#organization"},"potentialAction":[{"@type":"SearchAction","target":{"@type":"EntryPoint","urlTemplate":"https:\/\/www.sgtraductions-services.fr\/?s={search_term_string}"},"query-input":"required name=search_term_string"}],"inLanguage":"en-US"},{"@type":"Organization","@id":"https:\/\/www.sgtraductions-services.fr\/#organization","name":"SG TRADUCTIONS","url":"https:\/\/www.sgtraductions-services.fr\/","logo":{"@type":"ImageObject","inLanguage":"en-US","@id":"https:\/\/www.sgtraductions-services.fr\/#\/schema\/logo\/image\/","url":"https:\/\/www.sgtraductions-services.fr\/wp-content\/uploads\/2023\/09\/logo1.png","contentUrl":"https:\/\/www.sgtraductions-services.fr\/wp-content\/uploads\/2023\/09\/logo1.png","width":300,"height":222,"caption":"SG TRADUCTIONS"},"image":{"@id":"https:\/\/www.sgtraductions-services.fr\/#\/schema\/logo\/image\/"}}]}},"_links":{"self":[{"href":"https:\/\/www.sgtraductions-services.fr\/en\/wp-json\/wp\/v2\/pages\/1473","targetHints":{"allow":["GET"]}}],"collection":[{"href":"https:\/\/www.sgtraductions-services.fr\/en\/wp-json\/wp\/v2\/pages"}],"about":[{"href":"https:\/\/www.sgtraductions-services.fr\/en\/wp-json\/wp\/v2\/types\/page"}],"author":[{"embeddable":true,"href":"https:\/\/www.sgtraductions-services.fr\/en\/wp-json\/wp\/v2\/users\/1"}],"replies":[{"embeddable":true,"href":"https:\/\/www.sgtraductions-services.fr\/en\/wp-json\/wp\/v2\/comments?post=1473"}],"version-history":[{"count":0,"href":"https:\/\/www.sgtraductions-services.fr\/en\/wp-json\/wp\/v2\/pages\/1473\/revisions"}],"wp:attachment":[{"href":"https:\/\/www.sgtraductions-services.fr\/en\/wp-json\/wp\/v2\/media?parent=1473"}],"curies":[{"name":"wp","href":"https:\/\/api.w.org\/{rel}","templated":true}]}}